{"id":83,"date":"2020-11-03T17:02:16","date_gmt":"2020-11-03T21:02:16","guid":{"rendered":"http:\/\/lagaleriedart.ca\/?page_id=83"},"modified":"2020-11-03T17:02:16","modified_gmt":"2020-11-03T21:02:16","slug":"notre-mission","status":"publish","type":"page","link":"https:\/\/lagaleriedart.ca\/?page_id=83","title":{"rendered":"Notre mission"},"content":{"rendered":"\n<p>Dans une perspective de d\u00e9veloppement culturel, la Galerie d&#8217;arts a pour mission de soutenir, dans toutes les r\u00e9gions du Qu\u00e9bec, la cr\u00e9ation artistique, l\u2019exp\u00e9rimentation, la production et la diffusion.<\/p>\n\n\n\n<p>Les domaines dans lesquels nous \u0153uvrons sont  les arts visuels, peinture ou sculpture.<\/p>\n\n\n\n<p>Le site soutient \u00e9galement le rayonnement des artistes, que ce soit au Qu\u00e9bec, ailleurs au Canada ou \u00e0 l\u2019\u00e9tranger.<\/p>\n","protected":false},"excerpt":{"rendered":"<p>Dans une perspective de d\u00e9veloppement culturel, la Galerie d&#8217;arts a pour mission de soutenir, dans toutes les r\u00e9gions du Qu\u00e9bec, la cr\u00e9ation artistique, l\u2019exp\u00e9rimentation, la production et la diffusion. Les domaines dans lesquels nous \u0153uvrons sont les arts visuels, peinture ou sculpture. Le site soutient \u00e9galement le rayonnement des artistes, que ce soit au Qu\u00e9bec, [&hellip;]<\/p>\n","protected":false},"author":2,"featured_media":0,"parent":0,"menu_order":0,"comment_status":"closed","ping_status":"closed","template":"","meta":[],"_links":{"self":[{"href":"https:\/\/lagaleriedart.ca\/index.php?rest_route=\/wp\/v2\/pages\/83"}],"collection":[{"href":"https:\/\/lagaleriedart.ca\/index.php?rest_route=\/wp\/v2\/pages"}],"about":[{"href":"https:\/\/lagaleriedart.ca\/index.php?rest_route=\/wp\/v2\/types\/page"}],"author":[{"embeddable":true,"href":"https:\/\/lagaleriedart.ca\/index.php?rest_route=\/wp\/v2\/users\/2"}],"replies":[{"embeddable":true,"href":"https:\/\/lagaleriedart.ca\/index.php?rest_route=%2Fwp%2Fv2%2Fcomments&post=83"}],"version-history":[{"count":1,"href":"https:\/\/lagaleriedart.ca\/index.php?rest_route=\/wp\/v2\/pages\/83\/revisions"}],"predecessor-version":[{"id":84,"href":"https:\/\/lagaleriedart.ca\/index.php?rest_route=\/wp\/v2\/pages\/83\/revisions\/84"}],"wp:attachment":[{"href":"https:\/\/lagaleriedart.ca\/index.php?rest_route=%2Fwp%2Fv2%2Fmedia&parent=83"}],"curies":[{"name":"wp","href":"https:\/\/api.w.org\/{rel}","templated":true}]}}