{"id":42,"date":"2020-11-03T14:06:42","date_gmt":"2020-11-03T18:06:42","guid":{"rendered":"http:\/\/lagaleriedart.ca\/?page_id=42"},"modified":"2020-11-03T14:26:26","modified_gmt":"2020-11-03T18:26:26","slug":"les-artistes","status":"publish","type":"page","link":"https:\/\/lagaleriedart.ca\/?page_id=42","title":{"rendered":"Les artistes"},"content":{"rendered":"\n<p>Un&nbsp;<strong>artiste<\/strong>&nbsp;est un individu faisant (une)&nbsp;<a href=\"https:\/\/fr.wikipedia.org\/wiki\/%C5%92uvre_d%27art\">\u0153uvre<\/a>, cultivant ou ma\u00eetrisant un&nbsp;<a href=\"https:\/\/fr.wikipedia.org\/wiki\/Art\">art<\/a>, un&nbsp;<a href=\"https:\/\/fr.wikipedia.org\/wiki\/Savoir\">savoir<\/a>, une&nbsp;<a href=\"https:\/\/fr.wikipedia.org\/wiki\/Technique\">technique<\/a>, et dont on remarque entre autres la&nbsp;<a href=\"https:\/\/fr.wikipedia.org\/wiki\/Cr%C3%A9ativit%C3%A9\">cr\u00e9ativit\u00e9<\/a>, la&nbsp;<a href=\"https:\/\/fr.wikipedia.org\/wiki\/Po%C3%A9sie\">po\u00e9sie<\/a>, l&#8217;<a href=\"https:\/\/fr.wiktionary.org\/wiki\/originalit%C3%A9\">originalit\u00e9<\/a>&nbsp;de sa production, de ses actes, de ses gestes.<\/p>\n\n\n\n<p>Ses \u0153uvres sont source d&#8217;\u00e9motions, de sentiments, de r\u00e9flexion, de spiritualit\u00e9 ou de&nbsp;<a href=\"https:\/\/fr.wikipedia.org\/wiki\/Transcendance\">transcendances<\/a>.<\/p>\n\n\n\n<p>Dans un sens commun, et plut\u00f4t p\u00e9jorativement ou pour la disqualifier, on parle \u00e9galement d&#8217;<em>artiste<\/em>&nbsp;ou de&nbsp;<em><a href=\"https:\/\/fr.wikipedia.org\/wiki\/Po%C3%A8te\">po\u00e8te<\/a><\/em>&nbsp;\u00e0 propos d&#8217;une personne \u00e9trange, marginale, oisive, r\u00eaveuse, qui fait n&#8217;importe quoi<sup><a href=\"https:\/\/fr.wikipedia.org\/wiki\/Artiste#cite_note-1\">1<\/a><\/sup>, de quelqu&#8217;un qui n&#8217;a pas le sens des r\u00e9alit\u00e9s, des r\u00e8gles, et est parfois consid\u00e9r\u00e9 comme rebelle ou fou<sup><a href=\"https:\/\/fr.wikipedia.org\/wiki\/Artiste#cite_note-2\">2<\/a><\/sup>&nbsp;mais qui peut aussi \u00e0 l&#8217;inverse \u00eatre appr\u00e9ci\u00e9 comme faisant preuve de g\u00e9nie.<\/p>\n\n\n<ul class=\"wp-block-categories-list wp-block-categories\">\t<li class=\"cat-item cat-item-3\"><a href=\"https:\/\/lagaleriedart.ca\/?cat=3\">Canadiens<\/a>\n<ul class='children'>\n\t<li class=\"cat-item cat-item-7\"><a href=\"https:\/\/lagaleriedart.ca\/?cat=7\">Qu\u00e9b\u00e9cois<\/a>\n\t<ul class='children'>\n\t<li class=\"cat-item cat-item-11\"><a href=\"https:\/\/lagaleriedart.ca\/?cat=11\">Allan Edson<\/a>\n<\/li>\n\t<li class=\"cat-item cat-item-2\"><a href=\"https:\/\/lagaleriedart.ca\/?cat=2\">Ozias Leduc<\/a>\n<\/li>\n\t<\/ul>\n<\/li>\n\t<li class=\"cat-item cat-item-6\"><a href=\"https:\/\/lagaleriedart.ca\/?cat=6\">Tom Thomson<\/a>\n<\/li>\n<\/ul>\n<\/li>\n<\/ul>","protected":false},"excerpt":{"rendered":"<p>Un&nbsp;artiste&nbsp;est un individu faisant (une)&nbsp;\u0153uvre, cultivant ou ma\u00eetrisant un&nbsp;art, un&nbsp;savoir, une&nbsp;technique, et dont on remarque entre autres la&nbsp;cr\u00e9ativit\u00e9, la&nbsp;po\u00e9sie, l&#8217;originalit\u00e9&nbsp;de sa production, de ses actes, de ses gestes. Ses \u0153uvres sont source d&#8217;\u00e9motions, de sentiments, de r\u00e9flexion, de spiritualit\u00e9 ou de&nbsp;transcendances. Dans un sens commun, et plut\u00f4t p\u00e9jorativement ou pour la disqualifier, on parle \u00e9galement [&hellip;]<\/p>\n","protected":false},"author":2,"featured_media":0,"parent":0,"menu_order":0,"comment_status":"closed","ping_status":"closed","template":"","meta":[],"_links":{"self":[{"href":"https:\/\/lagaleriedart.ca\/index.php?rest_route=\/wp\/v2\/pages\/42"}],"collection":[{"href":"https:\/\/lagaleriedart.ca\/index.php?rest_route=\/wp\/v2\/pages"}],"about":[{"href":"https:\/\/lagaleriedart.ca\/index.php?rest_route=\/wp\/v2\/types\/page"}],"author":[{"embeddable":true,"href":"https:\/\/lagaleriedart.ca\/index.php?rest_route=\/wp\/v2\/users\/2"}],"replies":[{"embeddable":true,"href":"https:\/\/lagaleriedart.ca\/index.php?rest_route=%2Fwp%2Fv2%2Fcomments&post=42"}],"version-history":[{"count":2,"href":"https:\/\/lagaleriedart.ca\/index.php?rest_route=\/wp\/v2\/pages\/42\/revisions"}],"predecessor-version":[{"id":48,"href":"https:\/\/lagaleriedart.ca\/index.php?rest_route=\/wp\/v2\/pages\/42\/revisions\/48"}],"wp:attachment":[{"href":"https:\/\/lagaleriedart.ca\/index.php?rest_route=%2Fwp%2Fv2%2Fmedia&parent=42"}],"curies":[{"name":"wp","href":"https:\/\/api.w.org\/{rel}","templated":true}]}}